{"id":973,"date":"2025-07-17T15:49:15","date_gmt":"2025-07-17T13:49:15","guid":{"rendered":"https:\/\/francebus-wedding.com\/?page_id=973"},"modified":"2025-07-17T15:51:38","modified_gmt":"2025-07-17T13:51:38","slug":"legal-notices","status":"publish","type":"page","link":"https:\/\/francebus-wedding.com\/en\/legal-notices\/","title":{"rendered":"Legal Notices"},"content":{"rendered":"<p>The Website is published by :&nbsp;&nbsp;<\/p>\n\n\n\n<div style=\"height:15px\" aria-hidden=\"true\" class=\"wp-block-spacer\"><\/div>\n\n\n\n<p><strong>FRANCEBUS<\/strong><\/p>\n\n\n\n<p>Soci\u00e9t\u00e9 par actions simplifi\u00e9e (SAS)<\/p>\n\n\n\n<p>Registered at the RCS of Antibes in the number 520 920 521 00058<\/p>\n\n\n\n<p>With a registered capital of 16.500\u20ac<\/p>\n\n\n\n<div style=\"height:15px\" aria-hidden=\"true\" class=\"wp-block-spacer\"><\/div>\n\n\n\n<p><strong>Headquarters&nbsp;<\/strong><\/p>\n\n\n\n<p>2208 route de Grasse<\/p>\n\n\n\n<p>06600 Antibes<\/p>\n\n\n\n<p>France<\/p>\n\n\n\n<div style=\"height:15px\" aria-hidden=\"true\" class=\"wp-block-spacer\"><\/div>\n\n\n\n<p><strong>Contact<\/strong><\/p>\n\n\n\n<p>E-mail address :&nbsp;<a href=\"mailto:info@francebus.com\">info@francebus.com<\/a><\/p>\n\n\n\n<div style=\"height:15px\" aria-hidden=\"true\" class=\"wp-block-spacer\"><\/div>\n\n\n\n<p><strong>Director of publication<\/strong><\/p>\n\n\n\n<p>Mr Fabrice Dessaint<\/p>\n\n\n\n<div style=\"height:15px\" aria-hidden=\"true\" class=\"wp-block-spacer\"><\/div>\n\n\n\n<p>The Site is hosted by :&nbsp;<\/p>\n\n\n\n<p><strong>INFOMANIAK NETWORK SA<\/strong><\/p>\n\n\n\n<p>Soci\u00e9t\u00e9 anonyme (SA) to swiss law&nbsp;<\/p>\n\n\n\n<div style=\"height:15px\" aria-hidden=\"true\" class=\"wp-block-spacer\"><\/div>\n\n\n\n<p><strong>Headquarters&nbsp;<\/strong><\/p>\n\n\n\n<p>25 rue Eug\u00e8ne-Marziano<\/p>\n\n\n\n<p>1227 Les Acacias (Geneva)<\/p>\n\n\n\n<p>Switzerland<\/p>\n\n\n\n<div style=\"height:15px\" aria-hidden=\"true\" class=\"wp-block-spacer\"><\/div>\n\n\n\n<p><strong>The commercial register of the canton of Geneva<\/strong><\/p>\n\n\n\n<p>CH-660.0.059.996-1<\/p>\n\n\n\n<div style=\"height:15px\" aria-hidden=\"true\" class=\"wp-block-spacer\"><\/div>\n\n\n\n<p><strong>Number IDE<\/strong><\/p>\n\n\n\n<p>CHE-103.167.648<br><\/p>","protected":false},"excerpt":{"rendered":"<p>Le Site est \u00e9dit\u00e9 par&nbsp;:&nbsp;&nbsp; FRANCEBUS Soci\u00e9t\u00e9 par actions simplifi\u00e9e (SAS) Enregistr\u00e9e au RCS d\u2019Antibes sous le num\u00e9ro 520 920 521 00058 Au capital social de&nbsp;16.500\u20ac Si\u00e8ge social&nbsp; 2208 route de Grasse 06600 Antibes France Contact Adresse e-mail&nbsp;:&nbsp;info@francebus.com Directeur de publication Monsieur Fabrice Dessaint Le Site est h\u00e9berg\u00e9 par&nbsp;:&nbsp; INFOMANIAK NETWORK SA Soci\u00e9t\u00e9 anonyme (SA) [&hellip;]<\/p>\n","protected":false},"author":2,"featured_media":0,"parent":0,"menu_order":0,"comment_status":"closed","ping_status":"closed","template":"","meta":{"_jf_save_progress":"","footnotes":""},"class_list":["post-973","page","type-page","status-publish","hentry"],"_links":{"self":[{"href":"https:\/\/francebus-wedding.com\/en\/wp-json\/wp\/v2\/pages\/973","targetHints":{"allow":["GET"]}}],"collection":[{"href":"https:\/\/francebus-wedding.com\/en\/wp-json\/wp\/v2\/pages"}],"about":[{"href":"https:\/\/francebus-wedding.com\/en\/wp-json\/wp\/v2\/types\/page"}],"author":[{"embeddable":true,"href":"https:\/\/francebus-wedding.com\/en\/wp-json\/wp\/v2\/users\/2"}],"replies":[{"embeddable":true,"href":"https:\/\/francebus-wedding.com\/en\/wp-json\/wp\/v2\/comments?post=973"}],"version-history":[{"count":0,"href":"https:\/\/francebus-wedding.com\/en\/wp-json\/wp\/v2\/pages\/973\/revisions"}],"wp:attachment":[{"href":"https:\/\/francebus-wedding.com\/en\/wp-json\/wp\/v2\/media?parent=973"}],"curies":[{"name":"wp","href":"https:\/\/api.w.org\/{rel}","templated":true}]}}