{"id":270,"date":"2024-04-03T07:50:07","date_gmt":"2024-04-03T07:50:07","guid":{"rendered":"https:\/\/francebus-wedding.com\/?page_id=270"},"modified":"2025-11-14T17:53:32","modified_gmt":"2025-11-14T16:53:32","slug":"contact","status":"publish","type":"page","link":"https:\/\/francebus-wedding.com\/en\/contact\/","title":{"rendered":"Contact"},"content":{"rendered":"\t\t<div data-elementor-type=\"wp-page\" data-elementor-id=\"270\" class=\"elementor elementor-270\" data-elementor-post-type=\"page\">\n\t\t\t\t<div class=\"elementor-element elementor-element-4844025 e-con-full e-flex e-con e-parent\" data-id=\"4844025\" data-element_type=\"container\" data-e-type=\"container\" data-settings=\"{&quot;background_background&quot;:&quot;classic&quot;}\">\n\t\t\t\t<div class=\"elementor-element elementor-element-feb4027 elementor-widget elementor-widget-heading\" data-id=\"feb4027\" data-element_type=\"widget\" data-e-type=\"widget\" data-widget_type=\"heading.default\">\n\t\t\t\t<div class=\"elementor-widget-container\">\n\t\t\t\t\t<h1 class=\"elementor-heading-title elementor-size-default\">Contact<\/h1>\t\t\t\t<\/div>\n\t\t\t\t<\/div>\n\t\t\t\t<div class=\"elementor-element elementor-element-21c1668 elementor-widget__width-initial elementor-widget elementor-widget-text-editor\" data-id=\"21c1668\" data-element_type=\"widget\" data-e-type=\"widget\" data-widget_type=\"text-editor.default\">\n\t\t\t\t<div class=\"elementor-widget-container\">\n\t\t\t\t\t\t\t\t\t<div class=\"flex flex-grow flex-col max-w-full\">\n<div class=\"min-h-[20px] text-message flex flex-col items-start gap-3 whitespace-pre-wrap break-words [.text-message+&amp;]:mt-5 overflow-x-auto\" dir=\"auto\" data-message-author-role=\"assistant\" data-message-id=\"edf02da6-bbf8-4977-a8de-cc776c7cda9f\">\n<div class=\"markdown prose w-full break-words dark:prose-invert light\">\n<p>Bienvenue chez FranceBus-Wedding, votre partenaire de confiance pour tous vos besoins de transport lors d&rsquo;\u00e9v\u00e9nements sp\u00e9ciaux !<\/p>\n<\/div>\n<\/div>\n<\/div>\t\t\t\t\t\t\t\t<\/div>\n\t\t\t\t<\/div>\n\t\t\t\t<\/div>\n\t\t<div class=\"elementor-element elementor-element-a922a31 e-flex e-con-boxed e-con e-parent\" data-id=\"a922a31\" data-element_type=\"container\" data-e-type=\"container\">\n\t\t\t\t\t<div class=\"e-con-inner\">\n\t\t<div class=\"elementor-element elementor-element-2328728 e-con-full e-flex e-con e-child\" data-id=\"2328728\" data-element_type=\"container\" data-e-type=\"container\">\n\t\t\t\t<div class=\"elementor-element elementor-element-e36eecf elementor-widget elementor-widget-heading\" data-id=\"e36eecf\" data-element_type=\"widget\" data-e-type=\"widget\" data-widget_type=\"heading.default\">\n\t\t\t\t<div class=\"elementor-widget-container\">\n\t\t\t\t\t<h2 class=\"elementor-heading-title elementor-size-default\">Informations<\/h2>\t\t\t\t<\/div>\n\t\t\t\t<\/div>\n\t\t\t\t<div class=\"elementor-element elementor-element-4d5f5c7 elementor-icon-list--layout-traditional elementor-list-item-link-full_width elementor-widget elementor-widget-icon-list\" data-id=\"4d5f5c7\" data-element_type=\"widget\" data-e-type=\"widget\" data-widget_type=\"icon-list.default\">\n\t\t\t\t<div class=\"elementor-widget-container\">\n\t\t\t\t\t\t\t<ul class=\"elementor-icon-list-items\">\n\t\t\t\t\t\t\t<li class=\"elementor-icon-list-item\">\n\t\t\t\t\t\t\t\t\t\t\t<span class=\"elementor-icon-list-icon\">\n\t\t\t\t\t\t\t<svg xmlns=\"http:\/\/www.w3.org\/2000\/svg\" width=\"40\" height=\"40\" viewBox=\"0 0 40 40\" fill=\"none\"><path fill-rule=\"evenodd\" clip-rule=\"evenodd\" d=\"M19.9997 2.49996C10.1046 2.49996 2.08301 10.5215 2.08301 20.4166C2.08301 30.3117 10.1046 38.3333 19.9997 38.3333C29.8948 38.3333 37.9163 30.3117 37.9163 20.4166C37.9163 10.5215 29.8948 2.49996 19.9997 2.49996ZM21.2497 13.75C21.2497 13.0596 20.69 12.5 19.9997 12.5C19.3093 12.5 18.7497 13.0596 18.7497 13.75V20.7597C18.7497 21.291 18.5467 21.8023 18.1822 22.1889L15.7568 24.7613C15.2833 25.2636 15.3065 26.0548 15.8088 26.5283C16.3112 27.0019 17.1023 26.9786 17.5758 26.4763L20.0012 23.9038C20.8031 23.0533 21.2497 21.9286 21.2497 20.7597V13.75Z\" fill=\"#FF737D\"><\/path><path d=\"M9.94721 3.05938C10.4863 2.62812 10.5737 1.84151 10.1424 1.30243C9.71117 0.763352 8.92455 0.67595 8.38547 1.10721L4.21881 4.44055C3.67973 4.87181 3.59233 5.65842 4.02359 6.1975C4.45485 6.73658 5.24147 6.82398 5.78054 6.39272L9.94721 3.05938Z\" fill=\"#FF737D\"><\/path><path d=\"M31.6139 1.10721C31.0748 0.67595 30.2882 0.763352 29.8569 1.30243C29.4257 1.84151 29.5131 2.62812 30.0521 3.05938L34.2188 6.39272C34.7579 6.82398 35.5445 6.73658 35.9758 6.1975C36.407 5.65842 36.3196 4.87181 35.7805 4.44055L31.6139 1.10721Z\" fill=\"#FF737D\"><\/path><\/svg>\t\t\t\t\t\t<\/span>\n\t\t\t\t\t\t\t\t\t\t<span class=\"elementor-icon-list-text\">Bureau ouvert de 09h00 \u00e0 18h00<\/span>\n\t\t\t\t\t\t\t\t\t<\/li>\n\t\t\t\t\t\t\t\t<li class=\"elementor-icon-list-item\">\n\t\t\t\t\t\t\t\t\t\t\t<span class=\"elementor-icon-list-icon\">\n\t\t\t\t\t\t\t<svg xmlns=\"http:\/\/www.w3.org\/2000\/svg\" width=\"40\" height=\"40\" viewBox=\"0 0 40 40\" fill=\"none\"><path d=\"M13.5197 4.95842C11.7662 3.34719 9.07098 3.34719 7.3175 4.95842C7.24569 5.0244 7.16903 5.10108 7.06948 5.20065L5.57366 6.69647C4.06847 8.20166 3.4366 10.3715 3.89837 12.4495C6.51832 24.2393 15.7259 33.4468 27.5157 36.0668C29.5936 36.5285 31.7635 35.8967 33.2687 34.3915L34.7643 32.8958C34.864 32.7962 34.9407 32.7195 35.0067 32.6476C36.618 30.8942 36.618 28.1989 35.0067 26.4454C34.9407 26.3736 34.864 26.2969 34.7644 26.1973L32.3156 23.7485C30.6154 22.0483 28.0479 21.5621 25.8438 22.5228C24.5819 23.0729 23.112 22.7945 22.1387 21.8212L18.144 17.8265C17.1706 16.8531 16.8923 15.3832 17.4423 14.1214C18.4031 11.9173 17.9168 9.34973 16.2167 7.64956L13.7678 5.20068C13.6682 5.1011 13.5915 5.02441 13.5197 4.95842Z\" fill=\"#FF737D\"><\/path><\/svg>\t\t\t\t\t\t<\/span>\n\t\t\t\t\t\t\t\t\t\t<span class=\"elementor-icon-list-text\">+33(0)9 72 56 72 89<\/span>\n\t\t\t\t\t\t\t\t\t<\/li>\n\t\t\t\t\t\t\t\t<li class=\"elementor-icon-list-item\">\n\t\t\t\t\t\t\t\t\t\t\t<span class=\"elementor-icon-list-icon\">\n\t\t\t\t\t\t\t<svg xmlns=\"http:\/\/www.w3.org\/2000\/svg\" width=\"40\" height=\"40\" viewBox=\"0 0 40 40\" fill=\"none\"><path d=\"M3.88838 10.6825C3.33301 12.7491 3.33301 15.6001 3.33301 20C3.33301 26.2496 3.33301 29.3743 4.92453 31.5649C5.43853 32.2723 6.06068 32.8945 6.76813 33.4085C8.95868 35 12.0835 35 18.333 35H21.6663C27.9159 35 31.0407 35 33.2312 33.4085C33.9387 32.8945 34.5608 32.2723 35.0748 31.5649C36.6663 29.3743 36.6663 26.2496 36.6663 20C36.6663 15.5855 36.6663 12.7301 36.1054 10.6618L32.6008 14.1664C29.8804 16.8869 27.7484 19.0189 25.8613 20.4587C23.9298 21.9324 22.1085 22.7982 19.9994 22.7982C17.8904 22.7982 16.0691 21.9324 14.1376 20.4587C12.2505 19.0189 10.1185 16.8869 7.39808 14.1664L4.13943 10.9078L3.88838 10.6825Z\" fill=\"#FF737D\"><\/path><path d=\"M4.99967 8.33333L5.18108 8.48345L5.85946 9.09225L9.09822 12.331C11.901 15.1338 13.916 17.1451 15.654 18.4711C17.3632 19.7752 18.6568 20.2982 19.9994 20.2982C21.3421 20.2982 22.6357 19.7752 24.3449 18.4711C26.0829 17.1451 28.0979 15.1338 30.9007 12.331L34.7472 8.4845L34.9565 8.27632C34.4425 7.56886 33.9387 7.10552 33.2312 6.59152C31.0407 5 27.9159 5 21.6663 5H18.333C12.0835 5 8.95868 5 6.76813 6.59152C6.06068 7.10552 5.51367 7.62588 4.99967 8.33333Z\" fill=\"#FF737D\"><\/path><\/svg>\t\t\t\t\t\t<\/span>\n\t\t\t\t\t\t\t\t\t\t<span class=\"elementor-icon-list-text\">info@francebus.com<\/span>\n\t\t\t\t\t\t\t\t\t<\/li>\n\t\t\t\t\t\t<\/ul>\n\t\t\t\t\t\t<\/div>\n\t\t\t\t<\/div>\n\t\t\t\t<div class=\"elementor-element elementor-element-926ecad elementor-widget elementor-widget-heading\" data-id=\"926ecad\" data-element_type=\"widget\" data-e-type=\"widget\" data-widget_type=\"heading.default\">\n\t\t\t\t<div class=\"elementor-widget-container\">\n\t\t\t\t\t<h2 class=\"elementor-heading-title elementor-size-default\">Nous trouver<\/h2>\t\t\t\t<\/div>\n\t\t\t\t<\/div>\n\t\t\t\t<div class=\"elementor-element elementor-element-52b8730 elementor-icon-list--layout-traditional elementor-list-item-link-full_width elementor-widget elementor-widget-icon-list\" data-id=\"52b8730\" data-element_type=\"widget\" data-e-type=\"widget\" data-widget_type=\"icon-list.default\">\n\t\t\t\t<div class=\"elementor-widget-container\">\n\t\t\t\t\t\t\t<ul class=\"elementor-icon-list-items\">\n\t\t\t\t\t\t\t<li class=\"elementor-icon-list-item\">\n\t\t\t\t\t\t\t\t\t\t\t<span class=\"elementor-icon-list-icon\">\n\t\t\t\t\t\t\t<svg aria-hidden=\"true\" class=\"e-font-icon-svg e-fas-home\" viewBox=\"0 0 576 512\" xmlns=\"http:\/\/www.w3.org\/2000\/svg\"><path d=\"M280.37 148.26L96 300.11V464a16 16 0 0 0 16 16l112.06-.29a16 16 0 0 0 15.92-16V368a16 16 0 0 1 16-16h64a16 16 0 0 1 16 16v95.64a16 16 0 0 0 16 16.05L464 480a16 16 0 0 0 16-16V300L295.67 148.26a12.19 12.19 0 0 0-15.3 0zM571.6 251.47L488 182.56V44.05a12 12 0 0 0-12-12h-56a12 12 0 0 0-12 12v72.61L318.47 43a48 48 0 0 0-61 0L4.34 251.47a12 12 0 0 0-1.6 16.9l25.5 31A12 12 0 0 0 45.15 301l235.22-193.74a12.19 12.19 0 0 1 15.3 0L530.9 301a12 12 0 0 0 16.9-1.6l25.5-31a12 12 0 0 0-1.7-16.93z\"><\/path><\/svg>\t\t\t\t\t\t<\/span>\n\t\t\t\t\t\t\t\t\t\t<span class=\"elementor-icon-list-text\">2208 route de Grasse 06600 ANTIBES<\/span>\n\t\t\t\t\t\t\t\t\t<\/li>\n\t\t\t\t\t\t<\/ul>\n\t\t\t\t\t\t<\/div>\n\t\t\t\t<\/div>\n\t\t\t\t<\/div>\n\t\t<div class=\"elementor-element elementor-element-a510f1a e-con-full e-flex e-con e-child\" data-id=\"a510f1a\" data-element_type=\"container\" data-e-type=\"container\" data-settings=\"{&quot;background_background&quot;:&quot;classic&quot;}\">\n\t\t\t\t<div class=\"elementor-element elementor-element-bf4ed55 elementor-widget elementor-widget-heading\" data-id=\"bf4ed55\" data-element_type=\"widget\" data-e-type=\"widget\" data-widget_type=\"heading.default\">\n\t\t\t\t<div class=\"elementor-widget-container\">\n\t\t\t\t\t<h2 class=\"elementor-heading-title elementor-size-default\">Formulaire<\/h2>\t\t\t\t<\/div>\n\t\t\t\t<\/div>\n\t\t\t\t<div class=\"elementor-element elementor-element-199b11b elementor-widget elementor-widget-text-editor\" data-id=\"199b11b\" data-element_type=\"widget\" data-e-type=\"widget\" data-widget_type=\"text-editor.default\">\n\t\t\t\t<div class=\"elementor-widget-container\">\n\t\t\t\t\t\t\t\t\t<div class=\"flex flex-grow flex-col max-w-full\">\n<div class=\"min-h-[20px] text-message flex flex-col items-start gap-3 whitespace-pre-wrap break-words [.text-message+&amp;]:mt-5 overflow-x-auto\" dir=\"auto\" data-message-author-role=\"assistant\" data-message-id=\"2dda04cc-9fe1-431c-98c2-61867200068d\">\n<div class=\"markdown prose w-full break-words dark:prose-invert light\">\n<p>Envoyez-nous un message et notre \u00e9quipe de support vous r\u00e9pondra dans quelques minutes.<\/p>\n<\/div>\n<\/div>\n<\/div>\t\t\t\t\t\t\t\t<\/div>\n\t\t\t\t<\/div>\n\t\t\t\t<div class=\"elementor-element elementor-element-b7226bb elementor-widget elementor-widget-jet-form-builder-form\" data-id=\"b7226bb\" data-element_type=\"widget\" data-e-type=\"widget\" id=\"form-contact\" data-widget_type=\"jet-form-builder-form.default\">\n\t\t\t\t<div class=\"elementor-widget-container\">\n\t\t\t\t\t<link rel='stylesheet' id='wp-block-library-css' href='https:\/\/francebus-wedding.com\/wp-includes\/css\/dist\/block-library\/style.min.css?ver=6.9.4' media='all' \/>\n<style id=\"jet-form-builder-290-inline-css\"><\/style><form  class=\"jet-form-builder layout-column submit-type-ajax\" action=\"https:\/\/francebus-wedding.com\/en\/wp-json\/wp\/v2\/pages\/270\/?R3cUPL=wO3iwyAuW4&amp;method=reload\" method=\"POST\" data-form-id=\"290\" data-layout=\"column\" enctype=\"multipart\/form-data\" novalidate=\"null\" ssr_validation_method=\"rest\"><input type=\"hidden\" class=\"jet-form-builder__field hidden-field\" name=\"_jfb_csrf_token\" data-field-name=\"_jfb_csrf_token\" value=\"8eff9270b8cf093f111cec1277de412d\">\n<input type=\"hidden\" id=\"_wpnonce\" name=\"_wpnonce\" value=\"1d19dcfacf\" \/><input type=\"hidden\" name=\"_wp_http_referer\" value=\"\/en\/wp-json\/wp\/v2\/pages\/270\" \/>\r\n<input type=\"hidden\" name=\"_jfb_current_render_states[]\" value=\"DEFAULT.STATE\" data-jfb-sync \/><input type=\"hidden\" class=\"jet-form-builder__field hidden-field\" name=\"_jet_engine_booking_form_id\" data-field-name=\"_jet_engine_booking_form_id\" value=\"290\">\n<input type=\"hidden\" class=\"jet-form-builder__field hidden-field\" name=\"_jet_engine_refer\" data-field-name=\"_jet_engine_refer\" value=\"https:\/\/francebus-wedding.com\/en\/wp-json\/wp\/v2\/pages\/270\/\">\n<input type=\"hidden\" class=\"jet-form-builder__field hidden-field\" name=\"__queried_post_id\" data-field-name=\"__queried_post_id\" value=\"270\">\n<div  class=\"jet-form-builder-row field-type-text-field\" >\n<div class=\"jet-form-builder__label\">\r\n<div class=\"jet-form-builder__label-text\">Nom et pr\u00e9nom <span class=\"jet-form-builder__required\">*<\/span><\/div><\/div><div class=\"jet-form-builder__field-wrap\">\n\t\t\t\t<input required=\"required\" name=\"your_name\" id=\"your_name\" type=\"text\" data-field-name=\"your_name\" class=\"jet-form-builder__field text-field\" data-jfb-sync=\"null\" autocomplete=\"off_bi7nJwLe\">\n\t\t\t\t\t<\/div>\n<\/div>\n\n<div  class=\"jet-form-builder-row field-type-text-field\" >\n<div class=\"jet-form-builder__label\">\r\n<div class=\"jet-form-builder__label-text\">Raison sociale <\/div><\/div><div class=\"jet-form-builder__field-wrap\">\n\t\t\t\t<input name=\"companyName\" id=\"companyName\" type=\"text\" data-field-name=\"companyName\" class=\"jet-form-builder__field text-field\" data-jfb-sync=\"null\" autocomplete=\"off_MiLNBdqm\">\n\t\t\t\t\t<\/div><div class=\"jet-form-builder__desc\"><small>Pour les soci\u00e9t\u00e9s d'\u00e9v\u00e9nementiel et Wedding-planners<\/small><\/div>\n<\/div>\n\n<div  class=\"jet-form-builder-row field-type-text-field\" >\n<div class=\"jet-form-builder__label\">\r\n<div class=\"jet-form-builder__label-text\">E-mail <span class=\"jet-form-builder__required\">*<\/span><\/div><\/div><div class=\"jet-form-builder__field-wrap\">\n\t\t\t\t<input required=\"required\" name=\"your_email\" id=\"your_email\" type=\"email\" data-field-name=\"your_email\" class=\"jet-form-builder__field text-field\" data-jfb-sync=\"null\" autocomplete=\"off_htbVF3Z9\">\n\t\t\t\t\t<\/div>\n<\/div>\n\n<div  class=\"jet-form-builder-row field-type-text-field\" >\n<div class=\"jet-form-builder__label\">\r\n<div class=\"jet-form-builder__label-text\">T\u00e9l\u00e9phone <span class=\"jet-form-builder__required\">*<\/span><\/div><\/div><div class=\"jet-form-builder__field-wrap\">\n\t\t\t\t<input required=\"required\" name=\"mobilePhone\" id=\"mobilePhone\" type=\"text\" data-field-name=\"mobilePhone\" class=\"jet-form-builder__field text-field\" data-jfb-sync=\"null\" autocomplete=\"off_OyNEsIue\">\n\t\t\t\t\t<\/div>\n<\/div>\n\n<div  class=\"jet-form-builder-row field-type-text-field\" >\n<div class=\"jet-form-builder__label\">\r\n<div class=\"jet-form-builder__label-text\">Nombre de passagers <span class=\"jet-form-builder__required\">*<\/span><\/div><\/div><div class=\"jet-form-builder__field-wrap\">\n\t\t\t\t<input required=\"required\" name=\"Passengers\" id=\"Passengers\" type=\"text\" data-field-name=\"Passengers\" class=\"jet-form-builder__field text-field\" data-jfb-sync=\"null\" autocomplete=\"off_Qst3SJZP\">\n\t\t\t\t\t<\/div>\n<\/div>\n\n<div  class=\"jet-form-builder-row field-type-datetime-field\" >\n<div class=\"jet-form-builder__label\">\r\n<div class=\"jet-form-builder__label-text\">Date et heure d\u00e9part transport <span class=\"jet-form-builder__required\">*<\/span><\/div><\/div><input class=\"jet-form-builder__field datetime-field\" required=\"required\" name=\"departureTime\" type=\"datetime-local\" data-field-name=\"departureTime\" id=\"departureTime\" data-jfb-sync=\"null\">\n<\/div>\n\n<div  class=\"jet-form-builder-row field-type-text-field\" >\n<div class=\"jet-form-builder__label\">\r\n<div class=\"jet-form-builder__label-text\">Adresse de d\u00e9part <span class=\"jet-form-builder__required\">*<\/span><\/div><\/div><div class=\"jet-form-builder__field-wrap\">\n\t\t\t\t<input required=\"required\" name=\"departureAddress\" id=\"departureAddress\" type=\"text\" data-field-name=\"departureAddress\" class=\"jet-form-builder__field text-field\" data-jfb-sync=\"null\" autocomplete=\"off_sE7QJ4yB\">\n\t\t\t\t\t<\/div>\n<\/div>\n\n<div  class=\"jet-form-builder-row field-type-text-field\" >\n<div class=\"jet-form-builder__label\">\r\n<div class=\"jet-form-builder__label-text\">Adresse de d\u00e9pose <span class=\"jet-form-builder__required\">*<\/span><\/div><\/div><div class=\"jet-form-builder__field-wrap\">\n\t\t\t\t<input required=\"required\" name=\"departureDropoff\" id=\"departureDropoff\" type=\"text\" data-field-name=\"departureDropoff\" class=\"jet-form-builder__field text-field\" data-jfb-sync=\"null\" autocomplete=\"off_TJ5iqd60\">\n\t\t\t\t\t<\/div>\n<\/div>\n\n\n<p style=\"font-size:16px\"><strong>Votre message<\/strong><\/p>\n\n\n\n<p><em>Description de votre besoin de transport (veuillez sp\u00e9cifier l'itin\u00e9raire pr\u00e9vu, la date et l'heure, les heures de d\u00e9but et de fin des services, les adresses, etc.<\/em><\/p>\n\n\n<div  class=\"jet-form-builder-row field-type-textarea-field\" >\n<div class=\"jet-form-builder__label\">\r\n<div class=\"jet-form-builder__label-text\">Description de votre transport<\/div><\/div><div class=\"jet-form-builder__field-wrap\">\n\t\t<textarea class=\"jet-form-builder__field textarea-field\" name=\"description\" data-field-name=\"description\" id=\"description\" data-jfb-sync=\"null\"><\/textarea>\n\t<\/div>\n<\/div>\n\n<div  class=\"jet-form-builder-row field-type-radio-field wp-block-jet-forms-radio-field\">\n<div class=\"jet-form-builder__label\">\r\n<div class=\"jet-form-builder__label-text\">Cases \u00e0 cocher  <span class=\"jet-form-builder__required\">*<\/span><\/div><\/div><div class=\"jet-form-builder__fields-group checkradio-wrap\" data-jfb-sync><div class=\"jet-form-builder__field-wrap radio-wrap checkradio-wrap\"><label class=\"jet-form-builder__field-label for-radio\">\n<input type=\"radio\" name=\"cases_a_cocher\" value=\"j&#039;accepte\" data-field-name=\"cases_a_cocher\"  class=\"jet-form-builder__field radio-field checkradio-field\" required=\"required\"><span>Je consens \u00e0 ce que mes donn\u00e9es soient stock\u00e9es. J'ai lu et accept\u00e9 la <a id=\"radio-condi\" href=\"https:\/\/francebus-wedding.com\/conditions-generales-de-ventes\/\">politique de protection des donn\u00e9es et les conditions g\u00e9n\u00e9rales<\/a> de ce site.<\/span><\/label><\/div><\/div>\n<\/div>\n\n<div class=\"jfb-visually-hidden\" tabindex=\"-1\"><div class=\"jet-form-builder__field-wrap\">\n\t\t\t\t<input name=\"email\" id=\"email\" type=\"email\" data-field-name=\"email\" class=\"jet-form-builder__field text-field\" data-jfb-sync=\"null\" autocomplete=\"off_ADES8ti1\">\n\t\t\t\t\t<\/div><\/div><div  class=\"jet-form-builder-row field-type-submit-field\" >\n\t<div data-type=\"submit\" class=\"jet-form-builder__action-button-wrapper jet-form-builder__submit-wrap\">\n\t<button class=\"jet-form-builder__action-button jet-form-builder__submit submit-type-ajax\" type=\"submit\">Submit<\/button>\n\t<\/div>\n\t\n<\/div>\n\n\n<input type=\"hidden\" class=\"captcha-token\" name=\"_captcha_token\" value=\"\"\/>\n\n\n\n<p><\/p>\n\t<div class=\"jet-form-builder-messages-wrap\" data-form-id=\"290\"><\/div>\n<\/form>\n\t\t\t\t<\/div>\n\t\t\t\t<\/div>\n\t\t\t\t<\/div>\n\t\t\t\t\t<\/div>\n\t\t\t\t<\/div>\n\t\t\t\t<\/div>\n\t\t","protected":false},"excerpt":{"rendered":"<p>Bienvenue chez FranceBus-Wedding, votre partenaire de confiance pour tous vos besoins de transport lors d&rsquo;\u00e9v\u00e9nements sp\u00e9ciaux ! Informations Bureau ouvert de 09h00 \u00e0 18h00 +33(0)9 72 56 72 89 info@francebus.com Nous trouver 2208 route de Grasse 06600 ANTIBES Formulaire Envoyez-nous un message et notre \u00e9quipe de support vous r\u00e9pondra dans quelques minutes. Nom et pr\u00e9nom [&hellip;]<\/p>\n","protected":false},"author":1,"featured_media":0,"parent":0,"menu_order":0,"comment_status":"closed","ping_status":"closed","template":"elementor_header_footer","meta":{"_jf_save_progress":"","footnotes":""},"class_list":["post-270","page","type-page","status-publish","hentry"],"_links":{"self":[{"href":"https:\/\/francebus-wedding.com\/en\/wp-json\/wp\/v2\/pages\/270","targetHints":{"allow":["GET"]}}],"collection":[{"href":"https:\/\/francebus-wedding.com\/en\/wp-json\/wp\/v2\/pages"}],"about":[{"href":"https:\/\/francebus-wedding.com\/en\/wp-json\/wp\/v2\/types\/page"}],"author":[{"embeddable":true,"href":"https:\/\/francebus-wedding.com\/en\/wp-json\/wp\/v2\/users\/1"}],"replies":[{"embeddable":true,"href":"https:\/\/francebus-wedding.com\/en\/wp-json\/wp\/v2\/comments?post=270"}],"version-history":[{"count":0,"href":"https:\/\/francebus-wedding.com\/en\/wp-json\/wp\/v2\/pages\/270\/revisions"}],"wp:attachment":[{"href":"https:\/\/francebus-wedding.com\/en\/wp-json\/wp\/v2\/media?parent=270"}],"curies":[{"name":"wp","href":"https:\/\/api.w.org\/{rel}","templated":true}]}}